{"id":15,"date":"2021-04-08T18:54:53","date_gmt":"2021-04-08T18:54:53","guid":{"rendered":"http:\/\/apotheke-pfaffstaetten.at\/?page_id=15"},"modified":"2023-06-01T07:32:00","modified_gmt":"2023-06-01T07:32:00","slug":"home","status":"publish","type":"page","link":"https:\/\/apotheke-pfaffstaetten.at\/","title":{"rendered":"Home"},"content":{"rendered":"\t\t<div data-elementor-type=\"wp-page\" data-elementor-id=\"15\" class=\"elementor elementor-15\">\n\t\t\t\t\t\t\t\t\t<section class=\"elementor-section elementor-top-section elementor-element elementor-element-88febb6 elementor-section-full_width elementor-section-height-min-height elementor-section-content-top elementor-hidden-phone elementor-section-height-default elementor-section-items-middle\" data-id=\"88febb6\" data-element_type=\"section\" data-settings=\"{&quot;background_background&quot;:&quot;classic&quot;}\">\n\t\t\t\t\t\t<div class=\"elementor-container elementor-column-gap-no\">\n\t\t\t\t\t<div class=\"elementor-column elementor-col-100 elementor-top-column elementor-element elementor-element-2ad3925\" data-id=\"2ad3925\" data-element_type=\"column\">\n\t\t\t<div class=\"elementor-widget-wrap\">\n\t\t\t\t\t\t\t\t\t<\/div>\n\t\t<\/div>\n\t\t\t\t\t\t\t<\/div>\n\t\t<\/section>\n\t\t\t\t<section class=\"elementor-section elementor-top-section elementor-element elementor-element-c4ff70f elementor-section-boxed elementor-section-height-default elementor-section-height-default\" data-id=\"c4ff70f\" data-element_type=\"section\">\n\t\t\t\t\t\t<div class=\"elementor-container elementor-column-gap-default\">\n\t\t\t\t\t<div class=\"elementor-column elementor-col-100 elementor-top-column elementor-element elementor-element-986f0f8\" data-id=\"986f0f8\" data-element_type=\"column\">\n\t\t\t<div class=\"elementor-widget-wrap elementor-element-populated\">\n\t\t\t\t\t\t\t\t<div class=\"elementor-element elementor-element-76595f9 elementor-widget elementor-widget-heading\" data-id=\"76595f9\" data-element_type=\"widget\" data-widget_type=\"heading.default\">\n\t\t\t\t<div class=\"elementor-widget-container\">\n\t\t\t<h1 class=\"elementor-heading-title elementor-size-large\">Aeskulap Apotheke Pfaffst\u00e4tten<\/h1>\t\t<\/div>\n\t\t\t\t<\/div>\n\t\t\t\t\t<\/div>\n\t\t<\/div>\n\t\t\t\t\t\t\t<\/div>\n\t\t<\/section>\n\t\t\t\t<section class=\"elementor-section elementor-top-section elementor-element elementor-element-0ba2bc3 elementor-section-boxed elementor-section-height-default elementor-section-height-default\" data-id=\"0ba2bc3\" data-element_type=\"section\">\n\t\t\t\t\t\t<div class=\"elementor-container elementor-column-gap-default\">\n\t\t\t\t\t<div class=\"elementor-column elementor-col-33 elementor-top-column elementor-element elementor-element-bd0dc44\" data-id=\"bd0dc44\" data-element_type=\"column\">\n\t\t\t<div class=\"elementor-widget-wrap elementor-element-populated\">\n\t\t\t\t\t\t\t\t<div class=\"elementor-element elementor-element-0b8cc96 elementor-view-default elementor-widget elementor-widget-icon\" data-id=\"0b8cc96\" data-element_type=\"widget\" data-widget_type=\"icon.default\">\n\t\t\t\t<div class=\"elementor-widget-container\">\n\t\t\t\t\t<div class=\"elementor-icon-wrapper\">\n\t\t\t<div class=\"elementor-icon\">\n\t\t\t<i aria-hidden=\"true\" class=\"far fa-star\"><\/i>\t\t\t<\/div>\n\t\t<\/div>\n\t\t\t\t<\/div>\n\t\t\t\t<\/div>\n\t\t\t\t<div class=\"elementor-element elementor-element-d38d3dc elementor-widget elementor-widget-heading\" data-id=\"d38d3dc\" data-element_type=\"widget\" data-widget_type=\"heading.default\">\n\t\t\t\t<div class=\"elementor-widget-container\">\n\t\t\t<h2 class=\"elementor-heading-title elementor-size-default\">Herzlich Willkommen<\/h2>\t\t<\/div>\n\t\t\t\t<\/div>\n\t\t\t\t<div class=\"elementor-element elementor-element-b6cbe8f elementor-widget elementor-widget-text-editor\" data-id=\"b6cbe8f\" data-element_type=\"widget\" data-widget_type=\"text-editor.default\">\n\t\t\t\t<div class=\"elementor-widget-container\">\n\t\t\t\t\t\t\t<p>Herzlich Willkommen in der Aeskulap Apotheke Pfaffst\u00e4tten. Bei Fragen oder f\u00fcr Bestellungen sind wir telefonisch oder per e-mail erreichbar. F\u00fcr ein ausf\u00fchrliches Beratungsgespr\u00e4ch empfangen wir Sie gerne pers\u00f6nlich in unserer Apotheke.<\/p>\t\t\t\t\t\t<\/div>\n\t\t\t\t<\/div>\n\t\t\t\t\t<\/div>\n\t\t<\/div>\n\t\t\t\t<div class=\"elementor-column elementor-col-33 elementor-top-column elementor-element elementor-element-6ddf9fb\" data-id=\"6ddf9fb\" data-element_type=\"column\">\n\t\t\t<div class=\"elementor-widget-wrap elementor-element-populated\">\n\t\t\t\t\t\t\t\t<div class=\"elementor-element elementor-element-f4dca2f elementor-view-default elementor-widget elementor-widget-icon\" data-id=\"f4dca2f\" data-element_type=\"widget\" data-widget_type=\"icon.default\">\n\t\t\t\t<div class=\"elementor-widget-container\">\n\t\t\t\t\t<div class=\"elementor-icon-wrapper\">\n\t\t\t<div class=\"elementor-icon\">\n\t\t\t<i aria-hidden=\"true\" class=\"far fa-clock\"><\/i>\t\t\t<\/div>\n\t\t<\/div>\n\t\t\t\t<\/div>\n\t\t\t\t<\/div>\n\t\t\t\t<div class=\"elementor-element elementor-element-81d7c86 elementor-widget elementor-widget-heading\" data-id=\"81d7c86\" data-element_type=\"widget\" data-widget_type=\"heading.default\">\n\t\t\t\t<div class=\"elementor-widget-container\">\n\t\t\t<h2 class=\"elementor-heading-title elementor-size-default\">\u00d6ffnungszeiten<\/h2>\t\t<\/div>\n\t\t\t\t<\/div>\n\t\t\t\t<div class=\"elementor-element elementor-element-83fb0e7 elementor-widget elementor-widget-text-editor\" data-id=\"83fb0e7\" data-element_type=\"widget\" data-widget_type=\"text-editor.default\">\n\t\t\t\t<div class=\"elementor-widget-container\">\n\t\t\t\t\t\t\t<p>Mo &#8211; Fr\u00a0 8:00 &#8211; 18:00<br \/>Sa\u00a0 8:00 &#8211; 12:00<\/p>\t\t\t\t\t\t<\/div>\n\t\t\t\t<\/div>\n\t\t\t\t\t<\/div>\n\t\t<\/div>\n\t\t\t\t<div class=\"elementor-column elementor-col-33 elementor-top-column elementor-element elementor-element-d7cb280\" data-id=\"d7cb280\" data-element_type=\"column\">\n\t\t\t<div class=\"elementor-widget-wrap elementor-element-populated\">\n\t\t\t\t\t\t\t\t<div class=\"elementor-element elementor-element-5a3592c elementor-view-default elementor-widget elementor-widget-icon\" data-id=\"5a3592c\" data-element_type=\"widget\" data-widget_type=\"icon.default\">\n\t\t\t\t<div class=\"elementor-widget-container\">\n\t\t\t\t\t<div class=\"elementor-icon-wrapper\">\n\t\t\t<div class=\"elementor-icon\">\n\t\t\t<i aria-hidden=\"true\" class=\"far fa-comments\"><\/i>\t\t\t<\/div>\n\t\t<\/div>\n\t\t\t\t<\/div>\n\t\t\t\t<\/div>\n\t\t\t\t<div class=\"elementor-element elementor-element-2564689 elementor-widget elementor-widget-heading\" data-id=\"2564689\" data-element_type=\"widget\" data-widget_type=\"heading.default\">\n\t\t\t\t<div class=\"elementor-widget-container\">\n\t\t\t<h2 class=\"elementor-heading-title elementor-size-default\">Kontakt<\/h2>\t\t<\/div>\n\t\t\t\t<\/div>\n\t\t\t\t<div class=\"elementor-element elementor-element-0cba60a elementor-widget elementor-widget-text-editor\" data-id=\"0cba60a\" data-element_type=\"widget\" data-widget_type=\"text-editor.default\">\n\t\t\t\t<div class=\"elementor-widget-container\">\n\t\t\t\t\t\t\t<p><span style=\"text-decoration: underline;\"><a href=\"mailto:office@apotheke-pfaffstaetten.at\" target=\"_blank\" rel=\"noopener\">office@apotheke-pfaffstaetten.at<\/a><\/span><\/p><p>Tel: 02252 21110<br \/>Fax: 02252 21110-10<\/p><p>M\u00fchlgasse 1, 2511 Pfaffst\u00e4tten<\/p>\t\t\t\t\t\t<\/div>\n\t\t\t\t<\/div>\n\t\t\t\t\t<\/div>\n\t\t<\/div>\n\t\t\t\t\t\t\t<\/div>\n\t\t<\/section>\n\t\t\t\t\t\t\t<\/div>\n\t\t","protected":false},"excerpt":{"rendered":"<p>Aeskulap Apotheke Pfaffst\u00e4tten Herzlich Willkommen Herzlich Willkommen in der Aeskulap Apotheke Pfaffst\u00e4tten. Bei Fragen oder f\u00fcr Bestellungen sind wir telefonisch oder per e-mail erreichbar. F\u00fcr ein ausf\u00fchrliches Beratungsgespr\u00e4ch empfangen wir Sie gerne pers\u00f6nlich in unserer Apotheke. \u00d6ffnungszeiten Mo &#8211; Fr\u00a0 8:00 &#8211; 18:00Sa\u00a0 8:00 &#8211; 12:00 Kontakt office@apotheke-pfaffstaetten.at Tel: 02252 21110Fax: 02252 21110-10 M\u00fchlgasse 1, [&hellip;]<\/p>\n","protected":false},"author":1,"featured_media":0,"parent":0,"menu_order":0,"comment_status":"closed","ping_status":"closed","template":"","meta":{"footnotes":""},"class_list":["post-15","page","type-page","status-publish","hentry","entry"],"_links":{"self":[{"href":"https:\/\/apotheke-pfaffstaetten.at\/index.php?rest_route=\/wp\/v2\/pages\/15","targetHints":{"allow":["GET"]}}],"collection":[{"href":"https:\/\/apotheke-pfaffstaetten.at\/index.php?rest_route=\/wp\/v2\/pages"}],"about":[{"href":"https:\/\/apotheke-pfaffstaetten.at\/index.php?rest_route=\/wp\/v2\/types\/page"}],"author":[{"embeddable":true,"href":"https:\/\/apotheke-pfaffstaetten.at\/index.php?rest_route=\/wp\/v2\/users\/1"}],"replies":[{"embeddable":true,"href":"https:\/\/apotheke-pfaffstaetten.at\/index.php?rest_route=%2Fwp%2Fv2%2Fcomments&post=15"}],"version-history":[{"count":163,"href":"https:\/\/apotheke-pfaffstaetten.at\/index.php?rest_route=\/wp\/v2\/pages\/15\/revisions"}],"predecessor-version":[{"id":369,"href":"https:\/\/apotheke-pfaffstaetten.at\/index.php?rest_route=\/wp\/v2\/pages\/15\/revisions\/369"}],"wp:attachment":[{"href":"https:\/\/apotheke-pfaffstaetten.at\/index.php?rest_route=%2Fwp%2Fv2%2Fmedia&parent=15"}],"curies":[{"name":"wp","href":"https:\/\/api.w.org\/{rel}","templated":true}]}}