{"id":18,"date":"2021-04-08T19:25:48","date_gmt":"2021-04-08T19:25:48","guid":{"rendered":"http:\/\/apotheke-pfaffstaetten.at\/?page_id=18"},"modified":"2022-03-27T17:44:52","modified_gmt":"2022-03-27T17:44:52","slug":"kontakt","status":"publish","type":"page","link":"https:\/\/apotheke-pfaffstaetten.at\/?page_id=18","title":{"rendered":"Kontakt"},"content":{"rendered":"\t\t<div data-elementor-type=\"wp-page\" data-elementor-id=\"18\" class=\"elementor elementor-18\">\n\t\t\t\t\t\t\t\t\t<section class=\"elementor-section elementor-top-section elementor-element elementor-element-d913856 elementor-section-boxed elementor-section-height-default elementor-section-height-default\" data-id=\"d913856\" data-element_type=\"section\">\n\t\t\t\t\t\t<div class=\"elementor-container elementor-column-gap-default\">\n\t\t\t\t\t<div class=\"elementor-column elementor-col-100 elementor-top-column elementor-element elementor-element-5a7baa8\" data-id=\"5a7baa8\" data-element_type=\"column\">\n\t\t\t<div class=\"elementor-widget-wrap elementor-element-populated\">\n\t\t\t\t\t\t\t\t<div class=\"elementor-element elementor-element-a6bd48d elementor-widget elementor-widget-spacer\" data-id=\"a6bd48d\" data-element_type=\"widget\" data-widget_type=\"spacer.default\">\n\t\t\t\t<div class=\"elementor-widget-container\">\n\t\t\t\t\t<div class=\"elementor-spacer\">\n\t\t\t<div class=\"elementor-spacer-inner\"><\/div>\n\t\t<\/div>\n\t\t\t\t<\/div>\n\t\t\t\t<\/div>\n\t\t\t\t<div class=\"elementor-element elementor-element-d09a7db elementor-view-default elementor-widget elementor-widget-icon\" data-id=\"d09a7db\" data-element_type=\"widget\" data-widget_type=\"icon.default\">\n\t\t\t\t<div class=\"elementor-widget-container\">\n\t\t\t\t\t<div class=\"elementor-icon-wrapper\">\n\t\t\t<div class=\"elementor-icon\">\n\t\t\t<i aria-hidden=\"true\" class=\"far fa-comments\"><\/i>\t\t\t<\/div>\n\t\t<\/div>\n\t\t\t\t<\/div>\n\t\t\t\t<\/div>\n\t\t\t\t<div class=\"elementor-element elementor-element-54ffafa elementor-widget elementor-widget-text-editor\" data-id=\"54ffafa\" data-element_type=\"widget\" data-widget_type=\"text-editor.default\">\n\t\t\t\t<div class=\"elementor-widget-container\">\n\t\t\t\t\t\t\t<p><span style=\"text-decoration: underline;\"><a href=\"mailto:office@apotheke-pfaffstaetten.at\" target=\"_blank\" rel=\"noopener\">office@apotheke-pfaffstaetten.at<\/a><\/span><\/p><p>Tel: 02252 21110<br \/>Fax: 02252 21110-10<\/p><p><strong>Adresse:<\/strong><br \/>M\u00fchlgasse 1, 2511 Pfaffst\u00e4tten<\/p><p><strong>\u00d6ffnungszeiten:<\/strong><br \/>Mo &#8211; Fr\u00a0 8:00 &#8211; 18:00<br \/>Sa 8:00 &#8211; 12:00<\/p>\t\t\t\t\t\t<\/div>\n\t\t\t\t<\/div>\n\t\t\t\t\t<\/div>\n\t\t<\/div>\n\t\t\t\t\t\t\t<\/div>\n\t\t<\/section>\n\t\t\t\t\t\t\t<\/div>\n\t\t","protected":false},"excerpt":{"rendered":"<p>office@apotheke-pfaffstaetten.at Tel: 02252 21110Fax: 02252 21110-10 Adresse:M\u00fchlgasse 1, 2511 Pfaffst\u00e4tten \u00d6ffnungszeiten:Mo &#8211; Fr\u00a0 8:00 &#8211; 18:00Sa 8:00 &#8211; 12:00<\/p>\n","protected":false},"author":1,"featured_media":0,"parent":0,"menu_order":0,"comment_status":"closed","ping_status":"closed","template":"","meta":{"footnotes":""},"class_list":["post-18","page","type-page","status-publish","hentry","entry"],"_links":{"self":[{"href":"https:\/\/apotheke-pfaffstaetten.at\/index.php?rest_route=\/wp\/v2\/pages\/18","targetHints":{"allow":["GET"]}}],"collection":[{"href":"https:\/\/apotheke-pfaffstaetten.at\/index.php?rest_route=\/wp\/v2\/pages"}],"about":[{"href":"https:\/\/apotheke-pfaffstaetten.at\/index.php?rest_route=\/wp\/v2\/types\/page"}],"author":[{"embeddable":true,"href":"https:\/\/apotheke-pfaffstaetten.at\/index.php?rest_route=\/wp\/v2\/users\/1"}],"replies":[{"embeddable":true,"href":"https:\/\/apotheke-pfaffstaetten.at\/index.php?rest_route=%2Fwp%2Fv2%2Fcomments&post=18"}],"version-history":[{"count":19,"href":"https:\/\/apotheke-pfaffstaetten.at\/index.php?rest_route=\/wp\/v2\/pages\/18\/revisions"}],"predecessor-version":[{"id":335,"href":"https:\/\/apotheke-pfaffstaetten.at\/index.php?rest_route=\/wp\/v2\/pages\/18\/revisions\/335"}],"wp:attachment":[{"href":"https:\/\/apotheke-pfaffstaetten.at\/index.php?rest_route=%2Fwp%2Fv2%2Fmedia&parent=18"}],"curies":[{"name":"wp","href":"https:\/\/api.w.org\/{rel}","templated":true}]}}